{"id":907,"date":"2024-05-14T15:13:05","date_gmt":"2024-05-14T13:13:05","guid":{"rendered":"https:\/\/szechenyietterem.usernet.hu\/asztalfoglalas\/"},"modified":"2026-03-04T10:30:03","modified_gmt":"2026-03-04T09:30:03","slug":"table-reservation","status":"publish","type":"page","link":"https:\/\/szechenyietterem.hu\/en\/table-reservation\/","title":{"rendered":"Table reservation"},"content":{"rendered":"","protected":false},"excerpt":{"rendered":"","protected":false},"author":1,"featured_media":0,"parent":0,"menu_order":600,"comment_status":"closed","ping_status":"closed","template":"templates\/reservation.php","meta":{"_acf_changed":false,"footnotes":""},"class_list":["post-907","page","type-page","status-publish","hentry"],"acf":[],"yoast_head":"<!-- This site is optimized with the Yoast SEO plugin v27.5 - https:\/\/yoast.com\/product\/yoast-seo-wordpress\/ -->\n<title>Table reservation - Sz\u00e9chenyi Kertvend\u00e9gl\u0151<\/title>\n<meta name=\"description\" content=\"Reserve your table at Sz\u00e9chenyi Garden Restaurant in Budapest\u2019s City Park easily online. Secure your spot for great food and atmosphere \u2014 book your table today!\" \/>\n<meta name=\"robots\" content=\"index, follow, max-snippet:-1, max-image-preview:large, max-video-preview:-1\" \/>\n<link rel=\"canonical\" href=\"https:\/\/szechenyietterem.hu\/en\/table-reservation\/\" \/>\n<meta property=\"og:locale\" content=\"en_US\" \/>\n<meta property=\"og:type\" content=\"article\" \/>\n<meta property=\"og:title\" content=\"Table reservation - Sz\u00e9chenyi Kertvend\u00e9gl\u0151\" \/>\n<meta property=\"og:description\" content=\"Reserve your table at Sz\u00e9chenyi Garden Restaurant in Budapest\u2019s City Park easily online. Secure your spot for great food and atmosphere \u2014 book your table today!\" \/>\n<meta property=\"og:url\" content=\"https:\/\/szechenyietterem.hu\/en\/table-reservation\/\" \/>\n<meta property=\"og:site_name\" content=\"Sz\u00e9chenyi Kertvend\u00e9gl\u0151\" \/>\n<meta property=\"article:modified_time\" content=\"2026-03-04T09:30:03+00:00\" \/>\n<meta name=\"twitter:card\" content=\"summary_large_image\" \/>\n<!-- \/ Yoast SEO plugin. -->","yoast_head_json":{"title":"Table reservation - Sz\u00e9chenyi Kertvend\u00e9gl\u0151","description":"Reserve your table at Sz\u00e9chenyi Garden Restaurant in Budapest\u2019s City Park easily online. Secure your spot for great food and atmosphere \u2014 book your table today!","robots":{"index":"index","follow":"follow","max-snippet":"max-snippet:-1","max-image-preview":"max-image-preview:large","max-video-preview":"max-video-preview:-1"},"canonical":"https:\/\/szechenyietterem.hu\/en\/table-reservation\/","og_locale":"en_US","og_type":"article","og_title":"Table reservation - Sz\u00e9chenyi Kertvend\u00e9gl\u0151","og_description":"Reserve your table at Sz\u00e9chenyi Garden Restaurant in Budapest\u2019s City Park easily online. Secure your spot for great food and atmosphere \u2014 book your table today!","og_url":"https:\/\/szechenyietterem.hu\/en\/table-reservation\/","og_site_name":"Sz\u00e9chenyi Kertvend\u00e9gl\u0151","article_modified_time":"2026-03-04T09:30:03+00:00","twitter_card":"summary_large_image","schema":{"@context":"https:\/\/schema.org","@graph":[{"@type":"WebPage","@id":"https:\/\/szechenyietterem.hu\/en\/table-reservation\/","url":"https:\/\/szechenyietterem.hu\/en\/table-reservation\/","name":"Table reservation - Sz\u00e9chenyi Kertvend\u00e9gl\u0151","isPartOf":{"@id":"https:\/\/szechenyietterem.hu\/en\/#website"},"datePublished":"2024-05-14T13:13:05+00:00","dateModified":"2026-03-04T09:30:03+00:00","description":"Reserve your table at Sz\u00e9chenyi Garden Restaurant in Budapest\u2019s City Park easily online. Secure your spot for great food and atmosphere \u2014 book your table today!","breadcrumb":{"@id":"https:\/\/szechenyietterem.hu\/en\/table-reservation\/#breadcrumb"},"inLanguage":"en-US","potentialAction":[{"@type":"ReadAction","target":["https:\/\/szechenyietterem.hu\/en\/table-reservation\/"]}]},{"@type":"BreadcrumbList","@id":"https:\/\/szechenyietterem.hu\/en\/table-reservation\/#breadcrumb","itemListElement":[{"@type":"ListItem","position":1,"name":"Home","item":"https:\/\/szechenyietterem.hu\/en\/"},{"@type":"ListItem","position":2,"name":"Table reservation"}]},{"@type":"WebSite","@id":"https:\/\/szechenyietterem.hu\/en\/#website","url":"https:\/\/szechenyietterem.hu\/en\/","name":"Sz\u00e9chenyi Kertvend\u00e9gl\u0151","description":"","potentialAction":[{"@type":"SearchAction","target":{"@type":"EntryPoint","urlTemplate":"https:\/\/szechenyietterem.hu\/en\/?s={search_term_string}"},"query-input":{"@type":"PropertyValueSpecification","valueRequired":true,"valueName":"search_term_string"}}],"inLanguage":"en-US"}]}},"_links":{"self":[{"href":"https:\/\/szechenyietterem.hu\/en\/wp-json\/wp\/v2\/pages\/907","targetHints":{"allow":["GET"]}}],"collection":[{"href":"https:\/\/szechenyietterem.hu\/en\/wp-json\/wp\/v2\/pages"}],"about":[{"href":"https:\/\/szechenyietterem.hu\/en\/wp-json\/wp\/v2\/types\/page"}],"author":[{"embeddable":true,"href":"https:\/\/szechenyietterem.hu\/en\/wp-json\/wp\/v2\/users\/1"}],"replies":[{"embeddable":true,"href":"https:\/\/szechenyietterem.hu\/en\/wp-json\/wp\/v2\/comments?post=907"}],"version-history":[{"count":1,"href":"https:\/\/szechenyietterem.hu\/en\/wp-json\/wp\/v2\/pages\/907\/revisions"}],"predecessor-version":[{"id":908,"href":"https:\/\/szechenyietterem.hu\/en\/wp-json\/wp\/v2\/pages\/907\/revisions\/908"}],"wp:attachment":[{"href":"https:\/\/szechenyietterem.hu\/en\/wp-json\/wp\/v2\/media?parent=907"}],"curies":[{"name":"wp","href":"https:\/\/api.w.org\/{rel}","templated":true}]}}