{"id":895,"date":"2024-05-13T14:36:34","date_gmt":"2024-05-13T12:36:34","guid":{"rendered":"https:\/\/szechenyietterem.usernet.hu\/rendezvenyek\/"},"modified":"2026-04-22T08:29:24","modified_gmt":"2026-04-22T06:29:24","slug":"events","status":"publish","type":"page","link":"https:\/\/szechenyietterem.hu\/en\/events\/","title":{"rendered":"Events"},"content":{"rendered":"","protected":false},"excerpt":{"rendered":"","protected":false},"author":1,"featured_media":0,"parent":0,"menu_order":300,"comment_status":"closed","ping_status":"closed","template":"templates\/events.php","meta":{"_acf_changed":false,"footnotes":""},"class_list":["post-895","page","type-page","status-publish","hentry"],"acf":[],"yoast_head":"<!-- This site is optimized with the Yoast SEO plugin v27.5 - https:\/\/yoast.com\/product\/yoast-seo-wordpress\/ -->\n<title>Events - Sz\u00e9chenyi Kertvend\u00e9gl\u0151<\/title>\n<meta name=\"description\" content=\"Discover event options at Sz\u00e9chenyi Garden Restaurant in Budapest\u2019s City Park for weddings, corporate gatherings and celebrations. Explore now and book your event!\" \/>\n<meta name=\"robots\" content=\"index, follow, max-snippet:-1, max-image-preview:large, max-video-preview:-1\" \/>\n<link rel=\"canonical\" href=\"https:\/\/szechenyietterem.hu\/en\/events\/\" \/>\n<meta property=\"og:locale\" content=\"en_US\" \/>\n<meta property=\"og:type\" content=\"article\" \/>\n<meta property=\"og:title\" content=\"Events - Sz\u00e9chenyi Kertvend\u00e9gl\u0151\" \/>\n<meta property=\"og:description\" content=\"Discover event options at Sz\u00e9chenyi Garden Restaurant in Budapest\u2019s City Park for weddings, corporate gatherings and celebrations. Explore now and book your event!\" \/>\n<meta property=\"og:url\" content=\"https:\/\/szechenyietterem.hu\/en\/events\/\" \/>\n<meta property=\"og:site_name\" content=\"Sz\u00e9chenyi Kertvend\u00e9gl\u0151\" \/>\n<meta property=\"article:modified_time\" content=\"2026-04-22T06:29:24+00:00\" \/>\n<meta name=\"twitter:card\" content=\"summary_large_image\" \/>\n<!-- \/ Yoast SEO plugin. -->","yoast_head_json":{"title":"Events - Sz\u00e9chenyi Kertvend\u00e9gl\u0151","description":"Discover event options at Sz\u00e9chenyi Garden Restaurant in Budapest\u2019s City Park for weddings, corporate gatherings and celebrations. Explore now and book your event!","robots":{"index":"index","follow":"follow","max-snippet":"max-snippet:-1","max-image-preview":"max-image-preview:large","max-video-preview":"max-video-preview:-1"},"canonical":"https:\/\/szechenyietterem.hu\/en\/events\/","og_locale":"en_US","og_type":"article","og_title":"Events - Sz\u00e9chenyi Kertvend\u00e9gl\u0151","og_description":"Discover event options at Sz\u00e9chenyi Garden Restaurant in Budapest\u2019s City Park for weddings, corporate gatherings and celebrations. Explore now and book your event!","og_url":"https:\/\/szechenyietterem.hu\/en\/events\/","og_site_name":"Sz\u00e9chenyi Kertvend\u00e9gl\u0151","article_modified_time":"2026-04-22T06:29:24+00:00","twitter_card":"summary_large_image","schema":{"@context":"https:\/\/schema.org","@graph":[{"@type":"WebPage","@id":"https:\/\/szechenyietterem.hu\/en\/events\/","url":"https:\/\/szechenyietterem.hu\/en\/events\/","name":"Events - Sz\u00e9chenyi Kertvend\u00e9gl\u0151","isPartOf":{"@id":"https:\/\/szechenyietterem.hu\/en\/#website"},"datePublished":"2024-05-13T12:36:34+00:00","dateModified":"2026-04-22T06:29:24+00:00","description":"Discover event options at Sz\u00e9chenyi Garden Restaurant in Budapest\u2019s City Park for weddings, corporate gatherings and celebrations. Explore now and book your event!","breadcrumb":{"@id":"https:\/\/szechenyietterem.hu\/en\/events\/#breadcrumb"},"inLanguage":"en-US","potentialAction":[{"@type":"ReadAction","target":["https:\/\/szechenyietterem.hu\/en\/events\/"]}]},{"@type":"BreadcrumbList","@id":"https:\/\/szechenyietterem.hu\/en\/events\/#breadcrumb","itemListElement":[{"@type":"ListItem","position":1,"name":"Home","item":"https:\/\/szechenyietterem.hu\/en\/"},{"@type":"ListItem","position":2,"name":"Events"}]},{"@type":"WebSite","@id":"https:\/\/szechenyietterem.hu\/en\/#website","url":"https:\/\/szechenyietterem.hu\/en\/","name":"Sz\u00e9chenyi Kertvend\u00e9gl\u0151","description":"","potentialAction":[{"@type":"SearchAction","target":{"@type":"EntryPoint","urlTemplate":"https:\/\/szechenyietterem.hu\/en\/?s={search_term_string}"},"query-input":{"@type":"PropertyValueSpecification","valueRequired":true,"valueName":"search_term_string"}}],"inLanguage":"en-US"}]}},"_links":{"self":[{"href":"https:\/\/szechenyietterem.hu\/en\/wp-json\/wp\/v2\/pages\/895","targetHints":{"allow":["GET"]}}],"collection":[{"href":"https:\/\/szechenyietterem.hu\/en\/wp-json\/wp\/v2\/pages"}],"about":[{"href":"https:\/\/szechenyietterem.hu\/en\/wp-json\/wp\/v2\/types\/page"}],"author":[{"embeddable":true,"href":"https:\/\/szechenyietterem.hu\/en\/wp-json\/wp\/v2\/users\/1"}],"replies":[{"embeddable":true,"href":"https:\/\/szechenyietterem.hu\/en\/wp-json\/wp\/v2\/comments?post=895"}],"version-history":[{"count":5,"href":"https:\/\/szechenyietterem.hu\/en\/wp-json\/wp\/v2\/pages\/895\/revisions"}],"predecessor-version":[{"id":1707,"href":"https:\/\/szechenyietterem.hu\/en\/wp-json\/wp\/v2\/pages\/895\/revisions\/1707"}],"wp:attachment":[{"href":"https:\/\/szechenyietterem.hu\/en\/wp-json\/wp\/v2\/media?parent=895"}],"curies":[{"name":"wp","href":"https:\/\/api.w.org\/{rel}","templated":true}]}}