{"id":880,"date":"2024-05-13T12:33:31","date_gmt":"2024-05-13T10:33:31","guid":{"rendered":"https:\/\/szechenyietterem.usernet.hu\/about-us\/velemenyek\/"},"modified":"2026-03-04T10:28:52","modified_gmt":"2026-03-04T09:28:52","slug":"reviews","status":"publish","type":"page","link":"https:\/\/szechenyietterem.hu\/en\/about-us\/reviews\/","title":{"rendered":"Reviews"},"content":{"rendered":"","protected":false},"excerpt":{"rendered":"","protected":false},"author":1,"featured_media":0,"parent":858,"menu_order":300,"comment_status":"closed","ping_status":"closed","template":"templates\/testimonials.php","meta":{"_acf_changed":false,"footnotes":""},"class_list":["post-880","page","type-page","status-publish","hentry"],"acf":[],"yoast_head":"<!-- This site is optimized with the Yoast SEO plugin v27.5 - https:\/\/yoast.com\/product\/yoast-seo-wordpress\/ -->\n<title>Reviews - Sz\u00e9chenyi Kertvend\u00e9gl\u0151<\/title>\n<meta name=\"description\" content=\"Read guest reviews of Sz\u00e9chenyi Garden Restaurant in Budapest\u2019s City Park \u2014 honest feedback on food, service and atmosphere. See what others say and plan your visit today!\" \/>\n<meta name=\"robots\" content=\"index, follow, max-snippet:-1, max-image-preview:large, max-video-preview:-1\" \/>\n<link rel=\"canonical\" href=\"https:\/\/szechenyietterem.hu\/en\/about-us\/reviews\/\" \/>\n<meta property=\"og:locale\" content=\"en_US\" \/>\n<meta property=\"og:type\" content=\"article\" \/>\n<meta property=\"og:title\" content=\"Reviews - Sz\u00e9chenyi Kertvend\u00e9gl\u0151\" \/>\n<meta property=\"og:description\" content=\"Read guest reviews of Sz\u00e9chenyi Garden Restaurant in Budapest\u2019s City Park \u2014 honest feedback on food, service and atmosphere. See what others say and plan your visit today!\" \/>\n<meta property=\"og:url\" content=\"https:\/\/szechenyietterem.hu\/en\/about-us\/reviews\/\" \/>\n<meta property=\"og:site_name\" content=\"Sz\u00e9chenyi Kertvend\u00e9gl\u0151\" \/>\n<meta property=\"article:modified_time\" content=\"2026-03-04T09:28:52+00:00\" \/>\n<meta name=\"twitter:card\" content=\"summary_large_image\" \/>\n<!-- \/ Yoast SEO plugin. -->","yoast_head_json":{"title":"Reviews - Sz\u00e9chenyi Kertvend\u00e9gl\u0151","description":"Read guest reviews of Sz\u00e9chenyi Garden Restaurant in Budapest\u2019s City Park \u2014 honest feedback on food, service and atmosphere. See what others say and plan your visit today!","robots":{"index":"index","follow":"follow","max-snippet":"max-snippet:-1","max-image-preview":"max-image-preview:large","max-video-preview":"max-video-preview:-1"},"canonical":"https:\/\/szechenyietterem.hu\/en\/about-us\/reviews\/","og_locale":"en_US","og_type":"article","og_title":"Reviews - Sz\u00e9chenyi Kertvend\u00e9gl\u0151","og_description":"Read guest reviews of Sz\u00e9chenyi Garden Restaurant in Budapest\u2019s City Park \u2014 honest feedback on food, service and atmosphere. See what others say and plan your visit today!","og_url":"https:\/\/szechenyietterem.hu\/en\/about-us\/reviews\/","og_site_name":"Sz\u00e9chenyi Kertvend\u00e9gl\u0151","article_modified_time":"2026-03-04T09:28:52+00:00","twitter_card":"summary_large_image","schema":{"@context":"https:\/\/schema.org","@graph":[{"@type":"WebPage","@id":"https:\/\/szechenyietterem.hu\/en\/about-us\/reviews\/","url":"https:\/\/szechenyietterem.hu\/en\/about-us\/reviews\/","name":"Reviews - Sz\u00e9chenyi Kertvend\u00e9gl\u0151","isPartOf":{"@id":"https:\/\/szechenyietterem.hu\/en\/#website"},"datePublished":"2024-05-13T10:33:31+00:00","dateModified":"2026-03-04T09:28:52+00:00","description":"Read guest reviews of Sz\u00e9chenyi Garden Restaurant in Budapest\u2019s City Park \u2014 honest feedback on food, service and atmosphere. See what others say and plan your visit today!","breadcrumb":{"@id":"https:\/\/szechenyietterem.hu\/en\/about-us\/reviews\/#breadcrumb"},"inLanguage":"en-US","potentialAction":[{"@type":"ReadAction","target":["https:\/\/szechenyietterem.hu\/en\/about-us\/reviews\/"]}]},{"@type":"BreadcrumbList","@id":"https:\/\/szechenyietterem.hu\/en\/about-us\/reviews\/#breadcrumb","itemListElement":[{"@type":"ListItem","position":1,"name":"Home","item":"https:\/\/szechenyietterem.hu\/en\/"},{"@type":"ListItem","position":2,"name":"About Us","item":"https:\/\/szechenyietterem.hu\/en\/about-us\/"},{"@type":"ListItem","position":3,"name":"Reviews"}]},{"@type":"WebSite","@id":"https:\/\/szechenyietterem.hu\/en\/#website","url":"https:\/\/szechenyietterem.hu\/en\/","name":"Sz\u00e9chenyi Kertvend\u00e9gl\u0151","description":"","potentialAction":[{"@type":"SearchAction","target":{"@type":"EntryPoint","urlTemplate":"https:\/\/szechenyietterem.hu\/en\/?s={search_term_string}"},"query-input":{"@type":"PropertyValueSpecification","valueRequired":true,"valueName":"search_term_string"}}],"inLanguage":"en-US"}]}},"_links":{"self":[{"href":"https:\/\/szechenyietterem.hu\/en\/wp-json\/wp\/v2\/pages\/880","targetHints":{"allow":["GET"]}}],"collection":[{"href":"https:\/\/szechenyietterem.hu\/en\/wp-json\/wp\/v2\/pages"}],"about":[{"href":"https:\/\/szechenyietterem.hu\/en\/wp-json\/wp\/v2\/types\/page"}],"author":[{"embeddable":true,"href":"https:\/\/szechenyietterem.hu\/en\/wp-json\/wp\/v2\/users\/1"}],"replies":[{"embeddable":true,"href":"https:\/\/szechenyietterem.hu\/en\/wp-json\/wp\/v2\/comments?post=880"}],"version-history":[{"count":1,"href":"https:\/\/szechenyietterem.hu\/en\/wp-json\/wp\/v2\/pages\/880\/revisions"}],"predecessor-version":[{"id":882,"href":"https:\/\/szechenyietterem.hu\/en\/wp-json\/wp\/v2\/pages\/880\/revisions\/882"}],"up":[{"embeddable":true,"href":"https:\/\/szechenyietterem.hu\/en\/wp-json\/wp\/v2\/pages\/858"}],"wp:attachment":[{"href":"https:\/\/szechenyietterem.hu\/en\/wp-json\/wp\/v2\/media?parent=880"}],"curies":[{"name":"wp","href":"https:\/\/api.w.org\/{rel}","templated":true}]}}