{"id":866,"date":"2024-05-21T08:44:30","date_gmt":"2024-05-21T06:44:30","guid":{"rendered":"https:\/\/szechenyietterem.usernet.hu\/rolunk\/gallery\/belso-kepek\/"},"modified":"2026-03-04T10:33:44","modified_gmt":"2026-03-04T09:33:44","slug":"interior","status":"publish","type":"page","link":"https:\/\/szechenyietterem.hu\/en\/about-us\/gallery\/interior\/","title":{"rendered":"Interior"},"content":{"rendered":"","protected":false},"excerpt":{"rendered":"","protected":false},"author":1,"featured_media":712,"parent":860,"menu_order":300,"comment_status":"closed","ping_status":"closed","template":"templates\/gallery.php","meta":{"_acf_changed":false,"footnotes":""},"class_list":["post-866","page","type-page","status-publish","has-post-thumbnail","hentry"],"acf":[],"yoast_head":"<!-- This site is optimized with the Yoast SEO plugin v27.5 - https:\/\/yoast.com\/product\/yoast-seo-wordpress\/ -->\n<title>Interior - Sz\u00e9chenyi Kertvend\u00e9gl\u0151<\/title>\n<meta name=\"description\" content=\"Browse the Sz\u00e9chenyi Garden Restaurant interior gallery in Budapest\u2019s City Park \u2014 see our venue, d\u00e9cor and atmosphere in pictures. View the interior photos and plan your visit!\" \/>\n<meta name=\"robots\" content=\"index, follow, max-snippet:-1, max-image-preview:large, max-video-preview:-1\" \/>\n<link rel=\"canonical\" href=\"https:\/\/szechenyietterem.hu\/en\/about-us\/gallery\/interior\/\" \/>\n<meta property=\"og:locale\" content=\"en_US\" \/>\n<meta property=\"og:type\" content=\"article\" \/>\n<meta property=\"og:title\" content=\"Interior - Sz\u00e9chenyi Kertvend\u00e9gl\u0151\" \/>\n<meta property=\"og:description\" content=\"Browse the Sz\u00e9chenyi Garden Restaurant interior gallery in Budapest\u2019s City Park \u2014 see our venue, d\u00e9cor and atmosphere in pictures. View the interior photos and plan your visit!\" \/>\n<meta property=\"og:url\" content=\"https:\/\/szechenyietterem.hu\/en\/about-us\/gallery\/interior\/\" \/>\n<meta property=\"og:site_name\" content=\"Sz\u00e9chenyi Kertvend\u00e9gl\u0151\" \/>\n<meta property=\"article:modified_time\" content=\"2026-03-04T09:33:44+00:00\" \/>\n<meta property=\"og:image\" content=\"https:\/\/szechenyietterem.hu\/wp-content\/uploads\/2024\/05\/belso-kepek-1.jpg\" \/>\n\t<meta property=\"og:image:width\" content=\"770\" \/>\n\t<meta property=\"og:image:height\" content=\"514\" \/>\n\t<meta property=\"og:image:type\" content=\"image\/jpeg\" \/>\n<meta name=\"twitter:card\" content=\"summary_large_image\" \/>\n<meta name=\"twitter:label1\" content=\"Est. reading time\" \/>\n\t<meta name=\"twitter:data1\" content=\"1 minute\" \/>\n<!-- \/ Yoast SEO plugin. -->","yoast_head_json":{"title":"Interior - Sz\u00e9chenyi Kertvend\u00e9gl\u0151","description":"Browse the Sz\u00e9chenyi Garden Restaurant interior gallery in Budapest\u2019s City Park \u2014 see our venue, d\u00e9cor and atmosphere in pictures. View the interior photos and plan your visit!","robots":{"index":"index","follow":"follow","max-snippet":"max-snippet:-1","max-image-preview":"max-image-preview:large","max-video-preview":"max-video-preview:-1"},"canonical":"https:\/\/szechenyietterem.hu\/en\/about-us\/gallery\/interior\/","og_locale":"en_US","og_type":"article","og_title":"Interior - Sz\u00e9chenyi Kertvend\u00e9gl\u0151","og_description":"Browse the Sz\u00e9chenyi Garden Restaurant interior gallery in Budapest\u2019s City Park \u2014 see our venue, d\u00e9cor and atmosphere in pictures. View the interior photos and plan your visit!","og_url":"https:\/\/szechenyietterem.hu\/en\/about-us\/gallery\/interior\/","og_site_name":"Sz\u00e9chenyi Kertvend\u00e9gl\u0151","article_modified_time":"2026-03-04T09:33:44+00:00","og_image":[{"width":770,"height":514,"url":"https:\/\/szechenyietterem.hu\/wp-content\/uploads\/2024\/05\/belso-kepek-1.jpg","type":"image\/jpeg"}],"twitter_card":"summary_large_image","twitter_misc":{"Est. reading time":"1 minute"},"schema":{"@context":"https:\/\/schema.org","@graph":[{"@type":"WebPage","@id":"https:\/\/szechenyietterem.hu\/en\/about-us\/gallery\/interior\/","url":"https:\/\/szechenyietterem.hu\/en\/about-us\/gallery\/interior\/","name":"Interior - Sz\u00e9chenyi Kertvend\u00e9gl\u0151","isPartOf":{"@id":"https:\/\/szechenyietterem.hu\/en\/#website"},"primaryImageOfPage":{"@id":"https:\/\/szechenyietterem.hu\/en\/about-us\/gallery\/interior\/#primaryimage"},"image":{"@id":"https:\/\/szechenyietterem.hu\/en\/about-us\/gallery\/interior\/#primaryimage"},"thumbnailUrl":"https:\/\/szechenyietterem.hu\/wp-content\/uploads\/2024\/05\/belso-kepek-1.jpg","datePublished":"2024-05-21T06:44:30+00:00","dateModified":"2026-03-04T09:33:44+00:00","description":"Browse the Sz\u00e9chenyi Garden Restaurant interior gallery in Budapest\u2019s City Park \u2014 see our venue, d\u00e9cor and atmosphere in pictures. View the interior photos and plan your visit!","breadcrumb":{"@id":"https:\/\/szechenyietterem.hu\/en\/about-us\/gallery\/interior\/#breadcrumb"},"inLanguage":"en-US","potentialAction":[{"@type":"ReadAction","target":["https:\/\/szechenyietterem.hu\/en\/about-us\/gallery\/interior\/"]}]},{"@type":"ImageObject","inLanguage":"en-US","@id":"https:\/\/szechenyietterem.hu\/en\/about-us\/gallery\/interior\/#primaryimage","url":"https:\/\/szechenyietterem.hu\/wp-content\/uploads\/2024\/05\/belso-kepek-1.jpg","contentUrl":"https:\/\/szechenyietterem.hu\/wp-content\/uploads\/2024\/05\/belso-kepek-1.jpg","width":770,"height":514,"caption":"Bels\u0151 hely"},{"@type":"BreadcrumbList","@id":"https:\/\/szechenyietterem.hu\/en\/about-us\/gallery\/interior\/#breadcrumb","itemListElement":[{"@type":"ListItem","position":1,"name":"Home","item":"https:\/\/szechenyietterem.hu\/en\/"},{"@type":"ListItem","position":2,"name":"About Us","item":"https:\/\/szechenyietterem.hu\/en\/about-us\/"},{"@type":"ListItem","position":3,"name":"Gallery","item":"https:\/\/szechenyietterem.hu\/en\/about-us\/gallery\/"},{"@type":"ListItem","position":4,"name":"Interior"}]},{"@type":"WebSite","@id":"https:\/\/szechenyietterem.hu\/en\/#website","url":"https:\/\/szechenyietterem.hu\/en\/","name":"Sz\u00e9chenyi Kertvend\u00e9gl\u0151","description":"","potentialAction":[{"@type":"SearchAction","target":{"@type":"EntryPoint","urlTemplate":"https:\/\/szechenyietterem.hu\/en\/?s={search_term_string}"},"query-input":{"@type":"PropertyValueSpecification","valueRequired":true,"valueName":"search_term_string"}}],"inLanguage":"en-US"}]}},"_links":{"self":[{"href":"https:\/\/szechenyietterem.hu\/en\/wp-json\/wp\/v2\/pages\/866","targetHints":{"allow":["GET"]}}],"collection":[{"href":"https:\/\/szechenyietterem.hu\/en\/wp-json\/wp\/v2\/pages"}],"about":[{"href":"https:\/\/szechenyietterem.hu\/en\/wp-json\/wp\/v2\/types\/page"}],"author":[{"embeddable":true,"href":"https:\/\/szechenyietterem.hu\/en\/wp-json\/wp\/v2\/users\/1"}],"replies":[{"embeddable":true,"href":"https:\/\/szechenyietterem.hu\/en\/wp-json\/wp\/v2\/comments?post=866"}],"version-history":[{"count":1,"href":"https:\/\/szechenyietterem.hu\/en\/wp-json\/wp\/v2\/pages\/866\/revisions"}],"predecessor-version":[{"id":867,"href":"https:\/\/szechenyietterem.hu\/en\/wp-json\/wp\/v2\/pages\/866\/revisions\/867"}],"up":[{"embeddable":true,"href":"https:\/\/szechenyietterem.hu\/en\/wp-json\/wp\/v2\/pages\/860"}],"wp:featuredmedia":[{"embeddable":true,"href":"https:\/\/szechenyietterem.hu\/en\/wp-json\/wp\/v2\/media\/712"}],"wp:attachment":[{"href":"https:\/\/szechenyietterem.hu\/en\/wp-json\/wp\/v2\/media?parent=866"}],"curies":[{"name":"wp","href":"https:\/\/api.w.org\/{rel}","templated":true}]}}