{"id":864,"date":"2024-05-17T11:10:36","date_gmt":"2024-05-17T09:10:36","guid":{"rendered":"https:\/\/szechenyietterem.usernet.hu\/rolunk\/gallery\/az-etterem\/"},"modified":"2026-03-04T10:33:42","modified_gmt":"2026-03-04T09:33:42","slug":"the-restaurant","status":"publish","type":"page","link":"https:\/\/szechenyietterem.hu\/en\/about-us\/gallery\/the-restaurant\/","title":{"rendered":"The restaurant"},"content":{"rendered":"","protected":false},"excerpt":{"rendered":"","protected":false},"author":1,"featured_media":698,"parent":860,"menu_order":200,"comment_status":"closed","ping_status":"closed","template":"templates\/gallery.php","meta":{"_acf_changed":false,"footnotes":""},"class_list":["post-864","page","type-page","status-publish","has-post-thumbnail","hentry"],"acf":[],"yoast_head":"<!-- This site is optimized with the Yoast SEO plugin v27.5 - https:\/\/yoast.com\/product\/yoast-seo-wordpress\/ -->\n<title>The restaurant - Sz\u00e9chenyi Kertvend\u00e9gl\u0151<\/title>\n<meta name=\"description\" content=\"Explore the Sz\u00e9chenyi Garden Restaurant gallery \u2014 photos of our venue in Budapest\u2019s City Park showcasing atmosphere and design. View images and plan your visit today!\" \/>\n<meta name=\"robots\" content=\"index, follow, max-snippet:-1, max-image-preview:large, max-video-preview:-1\" \/>\n<link rel=\"canonical\" href=\"https:\/\/szechenyietterem.hu\/en\/about-us\/gallery\/the-restaurant\/\" \/>\n<meta property=\"og:locale\" content=\"en_US\" \/>\n<meta property=\"og:type\" content=\"article\" \/>\n<meta property=\"og:title\" content=\"The restaurant - Sz\u00e9chenyi Kertvend\u00e9gl\u0151\" \/>\n<meta property=\"og:description\" content=\"Explore the Sz\u00e9chenyi Garden Restaurant gallery \u2014 photos of our venue in Budapest\u2019s City Park showcasing atmosphere and design. View images and plan your visit today!\" \/>\n<meta property=\"og:url\" content=\"https:\/\/szechenyietterem.hu\/en\/about-us\/gallery\/the-restaurant\/\" \/>\n<meta property=\"og:site_name\" content=\"Sz\u00e9chenyi Kertvend\u00e9gl\u0151\" \/>\n<meta property=\"article:modified_time\" content=\"2026-03-04T09:33:42+00:00\" \/>\n<meta property=\"og:image\" content=\"https:\/\/szechenyietterem.hu\/wp-content\/uploads\/2024\/05\/etterem1.jpg\" \/>\n\t<meta property=\"og:image:width\" content=\"654\" \/>\n\t<meta property=\"og:image:height\" content=\"372\" \/>\n\t<meta property=\"og:image:type\" content=\"image\/jpeg\" \/>\n<meta name=\"twitter:card\" content=\"summary_large_image\" \/>\n<meta name=\"twitter:label1\" content=\"Est. reading time\" \/>\n\t<meta name=\"twitter:data1\" content=\"1 minute\" \/>\n<!-- \/ Yoast SEO plugin. -->","yoast_head_json":{"title":"The restaurant - Sz\u00e9chenyi Kertvend\u00e9gl\u0151","description":"Explore the Sz\u00e9chenyi Garden Restaurant gallery \u2014 photos of our venue in Budapest\u2019s City Park showcasing atmosphere and design. View images and plan your visit today!","robots":{"index":"index","follow":"follow","max-snippet":"max-snippet:-1","max-image-preview":"max-image-preview:large","max-video-preview":"max-video-preview:-1"},"canonical":"https:\/\/szechenyietterem.hu\/en\/about-us\/gallery\/the-restaurant\/","og_locale":"en_US","og_type":"article","og_title":"The restaurant - Sz\u00e9chenyi Kertvend\u00e9gl\u0151","og_description":"Explore the Sz\u00e9chenyi Garden Restaurant gallery \u2014 photos of our venue in Budapest\u2019s City Park showcasing atmosphere and design. View images and plan your visit today!","og_url":"https:\/\/szechenyietterem.hu\/en\/about-us\/gallery\/the-restaurant\/","og_site_name":"Sz\u00e9chenyi Kertvend\u00e9gl\u0151","article_modified_time":"2026-03-04T09:33:42+00:00","og_image":[{"width":654,"height":372,"url":"https:\/\/szechenyietterem.hu\/wp-content\/uploads\/2024\/05\/etterem1.jpg","type":"image\/jpeg"}],"twitter_card":"summary_large_image","twitter_misc":{"Est. reading time":"1 minute"},"schema":{"@context":"https:\/\/schema.org","@graph":[{"@type":"WebPage","@id":"https:\/\/szechenyietterem.hu\/en\/about-us\/gallery\/the-restaurant\/","url":"https:\/\/szechenyietterem.hu\/en\/about-us\/gallery\/the-restaurant\/","name":"The restaurant - Sz\u00e9chenyi Kertvend\u00e9gl\u0151","isPartOf":{"@id":"https:\/\/szechenyietterem.hu\/en\/#website"},"primaryImageOfPage":{"@id":"https:\/\/szechenyietterem.hu\/en\/about-us\/gallery\/the-restaurant\/#primaryimage"},"image":{"@id":"https:\/\/szechenyietterem.hu\/en\/about-us\/gallery\/the-restaurant\/#primaryimage"},"thumbnailUrl":"https:\/\/szechenyietterem.hu\/wp-content\/uploads\/2024\/05\/etterem1.jpg","datePublished":"2024-05-17T09:10:36+00:00","dateModified":"2026-03-04T09:33:42+00:00","description":"Explore the Sz\u00e9chenyi Garden Restaurant gallery \u2014 photos of our venue in Budapest\u2019s City Park showcasing atmosphere and design. View images and plan your visit today!","breadcrumb":{"@id":"https:\/\/szechenyietterem.hu\/en\/about-us\/gallery\/the-restaurant\/#breadcrumb"},"inLanguage":"en-US","potentialAction":[{"@type":"ReadAction","target":["https:\/\/szechenyietterem.hu\/en\/about-us\/gallery\/the-restaurant\/"]}]},{"@type":"ImageObject","inLanguage":"en-US","@id":"https:\/\/szechenyietterem.hu\/en\/about-us\/gallery\/the-restaurant\/#primaryimage","url":"https:\/\/szechenyietterem.hu\/wp-content\/uploads\/2024\/05\/etterem1.jpg","contentUrl":"https:\/\/szechenyietterem.hu\/wp-content\/uploads\/2024\/05\/etterem1.jpg","width":654,"height":372,"caption":"Sz\u00e9chenyi kert"},{"@type":"BreadcrumbList","@id":"https:\/\/szechenyietterem.hu\/en\/about-us\/gallery\/the-restaurant\/#breadcrumb","itemListElement":[{"@type":"ListItem","position":1,"name":"Home","item":"https:\/\/szechenyietterem.hu\/en\/"},{"@type":"ListItem","position":2,"name":"About Us","item":"https:\/\/szechenyietterem.hu\/en\/about-us\/"},{"@type":"ListItem","position":3,"name":"Gallery","item":"https:\/\/szechenyietterem.hu\/en\/about-us\/gallery\/"},{"@type":"ListItem","position":4,"name":"The restaurant"}]},{"@type":"WebSite","@id":"https:\/\/szechenyietterem.hu\/en\/#website","url":"https:\/\/szechenyietterem.hu\/en\/","name":"Sz\u00e9chenyi Kertvend\u00e9gl\u0151","description":"","potentialAction":[{"@type":"SearchAction","target":{"@type":"EntryPoint","urlTemplate":"https:\/\/szechenyietterem.hu\/en\/?s={search_term_string}"},"query-input":{"@type":"PropertyValueSpecification","valueRequired":true,"valueName":"search_term_string"}}],"inLanguage":"en-US"}]}},"_links":{"self":[{"href":"https:\/\/szechenyietterem.hu\/en\/wp-json\/wp\/v2\/pages\/864","targetHints":{"allow":["GET"]}}],"collection":[{"href":"https:\/\/szechenyietterem.hu\/en\/wp-json\/wp\/v2\/pages"}],"about":[{"href":"https:\/\/szechenyietterem.hu\/en\/wp-json\/wp\/v2\/types\/page"}],"author":[{"embeddable":true,"href":"https:\/\/szechenyietterem.hu\/en\/wp-json\/wp\/v2\/users\/1"}],"replies":[{"embeddable":true,"href":"https:\/\/szechenyietterem.hu\/en\/wp-json\/wp\/v2\/comments?post=864"}],"version-history":[{"count":1,"href":"https:\/\/szechenyietterem.hu\/en\/wp-json\/wp\/v2\/pages\/864\/revisions"}],"predecessor-version":[{"id":865,"href":"https:\/\/szechenyietterem.hu\/en\/wp-json\/wp\/v2\/pages\/864\/revisions\/865"}],"up":[{"embeddable":true,"href":"https:\/\/szechenyietterem.hu\/en\/wp-json\/wp\/v2\/pages\/860"}],"wp:featuredmedia":[{"embeddable":true,"href":"https:\/\/szechenyietterem.hu\/en\/wp-json\/wp\/v2\/media\/698"}],"wp:attachment":[{"href":"https:\/\/szechenyietterem.hu\/en\/wp-json\/wp\/v2\/media?parent=864"}],"curies":[{"name":"wp","href":"https:\/\/api.w.org\/{rel}","templated":true}]}}