{"id":858,"date":"2024-05-13T08:31:00","date_gmt":"2024-05-13T06:31:00","guid":{"rendered":"https:\/\/szechenyietterem.usernet.hu\/rolunk\/"},"modified":"2026-03-04T10:25:25","modified_gmt":"2026-03-04T09:25:25","slug":"about-us","status":"publish","type":"page","link":"https:\/\/szechenyietterem.hu\/en\/about-us\/","title":{"rendered":"About Us"},"content":{"rendered":"\n<div class=\"wp-block-columns second-forward is-layout-flex wp-container-core-columns-is-layout-9d6595d7 wp-block-columns-is-layout-flex\">\n<div class=\"wp-block-column is-vertically-aligned-center is-layout-flow wp-block-column-is-layout-flow\">\n<div class=\"wp-block-group\"><div class=\"wp-block-group__inner-container is-layout-constrained wp-block-group-is-layout-constrained\">\n<h2 class=\"wp-block-heading\">Sz\u00e9chenyi Garden Restaurant is the tasty side of the bath. A plate of enjoyment in the City Park!<\/h2>\n\n\n\n<p>The City Park has always been a favorite walking and hiking location for the Budapest residents, what else could complete the time spent outdoors than a fantastic lunch or dinner surrounded by cedars and willows.<\/p>\n<\/div><\/div>\n<\/div>\n\n\n\n<div class=\"wp-block-column is-layout-flow wp-block-column-is-layout-flow\"><div class=\"wp-block-image\">\n<figure class=\"aligncenter size-full\"><img decoding=\"async\" width=\"570\" height=\"324\" src=\"https:\/\/szechenyietterem.hu\/\/wp-content\/uploads\/2024\/05\/szechenyi-kertvendeglo.webp\" alt=\"\" class=\"wp-image-28\"\/><\/figure>\n<\/div><\/div>\n<\/div>\n\n\n\n<div class=\"wp-block-columns is-layout-flex wp-container-core-columns-is-layout-9d6595d7 wp-block-columns-is-layout-flex\">\n<div class=\"wp-block-column is-layout-flow wp-block-column-is-layout-flow\"><div class=\"wp-block-image\">\n<figure class=\"aligncenter size-full\"><img decoding=\"async\" width=\"570\" height=\"331\" src=\"https:\/\/szechenyietterem.hu\/\/wp-content\/uploads\/2024\/05\/szechenyi-kertvendeglo2.webp\" alt=\"\" class=\"wp-image-30\"\/><\/figure>\n<\/div><\/div>\n\n\n\n<div class=\"wp-block-column is-vertically-aligned-center is-layout-flow wp-block-column-is-layout-flow\">\n<p>The Sz\u00e9chenyi Garden Restaurant located in the heart of Budapest, next to the Sz\u00e9chenyi Baths reputable building, and although close to the city center, but thanks to wonderful panoramic view, it is still far from the schematic downtown basement and the old tenements restaurants. While the restaurant is open during the summer, but at the same time it becomes a covered terrace, in the winter the warm thermal water beneath the casing ensures a pleasant temperature, so the restaurant provides a comfort against the vicissitudes of the weather in all seasons. We can also be a part of the nature and the sparkling during the meal thanks to the panoramic view.<\/p>\n<\/div>\n<\/div>\n\n\n\n<div class=\"wp-block-columns second-forward is-layout-flex wp-container-core-columns-is-layout-9d6595d7 wp-block-columns-is-layout-flex\">\n<div class=\"wp-block-column is-vertically-aligned-center is-layout-flow wp-block-column-is-layout-flow\">\n<p>The restaurant was opened in 1927, by Charles Marth immediately after construction of the bath. The restaurant was operating on the name as Ezerj\u00f3, and was gathered by the government in 1949, but still remained a popular meeting place among the residents of Pest \u2013 the closeness of the Zoo, the amusement park, the Circus and the bath attracted the guests, who visited the restaurant for the excellent Hungarian cuisine and Hungarian wines, and for a refreshing draft beer and live music. The place was named by Earl Istv\u00e1n Sz\u00e9chenyi in 1996, in memoriam to his life and work with keeping alive the traditions of the Hungarian restaurants and pubs. Due to the atmosphere of turn of the century which is still specific to interior, spiced with a dash of Hungarian spirit, it gives nostalgic feeling to the restaurant. We stick to this milieu during the preparation of our menu offer: the traditional Hungarian cuisine, but same time neither the international cuisine specialties are missing. Our chef S\u00e1ndor Pap ensures us the excellent raw materials and individual flavors, who uses his experience gained in kitchens of five star hotels, during the preparation of the delicious dishes. Our restaurant which is capable for simultaneous reception of 130 people, which is ideal place for family or friends gathering, weddings or corporate events, and we try to satisfy the needs of all ages with diversified our programs.<\/p>\n<\/div>\n\n\n\n<div class=\"wp-block-column is-vertically-aligned-top is-layout-flow wp-block-column-is-layout-flow\"><div class=\"wp-block-image\">\n<figure class=\"aligncenter size-full\"><img decoding=\"async\" width=\"570\" height=\"477\" src=\"https:\/\/szechenyietterem.hu\/\/wp-content\/uploads\/2024\/05\/szechenyi-kertvendeglo3.webp\" alt=\"\" class=\"wp-image-32\"\/><\/figure>\n<\/div><\/div>\n<\/div>\n","protected":false},"excerpt":{"rendered":"<p>Sz\u00e9chenyi Garden Restaurant is the tasty side of the bath. A plate of enjoyment in the City Park! The City Park has always been a favorite walking and hiking location for the Budapest residents, what else could complete the time spent outdoors than a fantastic lunch or dinner surrounded by cedars and willows. The Sz\u00e9chenyi [&hellip;]<\/p>\n","protected":false},"author":1,"featured_media":0,"parent":0,"menu_order":100,"comment_status":"closed","ping_status":"closed","template":"templates\/introduction.php","meta":{"_acf_changed":false,"footnotes":""},"class_list":["post-858","page","type-page","status-publish","hentry"],"acf":[],"yoast_head":"<!-- This site is optimized with the Yoast SEO plugin v27.5 - https:\/\/yoast.com\/product\/yoast-seo-wordpress\/ -->\n<title>About Us - Sz\u00e9chenyi Kertvend\u00e9gl\u0151<\/title>\n<meta name=\"description\" content=\"Learn about Sz\u00e9chenyi Garden Restaurant in Budapest\u2019s City Park \u2014 our story, values and hospitality. Discover who we are and visit us for an unforgettable dining experience!\" \/>\n<meta name=\"robots\" content=\"index, follow, max-snippet:-1, max-image-preview:large, max-video-preview:-1\" \/>\n<link rel=\"canonical\" href=\"https:\/\/szechenyietterem.hu\/en\/about-us\/\" \/>\n<meta property=\"og:locale\" content=\"en_US\" \/>\n<meta property=\"og:type\" content=\"article\" \/>\n<meta property=\"og:title\" content=\"About Us - Sz\u00e9chenyi Kertvend\u00e9gl\u0151\" \/>\n<meta property=\"og:description\" content=\"Learn about Sz\u00e9chenyi Garden Restaurant in Budapest\u2019s City Park \u2014 our story, values and hospitality. Discover who we are and visit us for an unforgettable dining experience!\" \/>\n<meta property=\"og:url\" content=\"https:\/\/szechenyietterem.hu\/en\/about-us\/\" \/>\n<meta property=\"og:site_name\" content=\"Sz\u00e9chenyi Kertvend\u00e9gl\u0151\" \/>\n<meta property=\"article:modified_time\" content=\"2026-03-04T09:25:25+00:00\" \/>\n<meta property=\"og:image\" content=\"https:\/\/szechenyietterem.hu\/wp-content\/uploads\/2024\/05\/szechenyi-kertvendeglo.webp\" \/>\n\t<meta property=\"og:image:width\" content=\"570\" \/>\n\t<meta property=\"og:image:height\" content=\"324\" \/>\n\t<meta property=\"og:image:type\" content=\"image\/webp\" \/>\n<meta name=\"twitter:card\" content=\"summary_large_image\" \/>\n<meta name=\"twitter:label1\" content=\"Est. reading time\" \/>\n\t<meta name=\"twitter:data1\" content=\"3 minutes\" \/>\n<!-- \/ Yoast SEO plugin. -->","yoast_head_json":{"title":"About Us - Sz\u00e9chenyi Kertvend\u00e9gl\u0151","description":"Learn about Sz\u00e9chenyi Garden Restaurant in Budapest\u2019s City Park \u2014 our story, values and hospitality. Discover who we are and visit us for an unforgettable dining experience!","robots":{"index":"index","follow":"follow","max-snippet":"max-snippet:-1","max-image-preview":"max-image-preview:large","max-video-preview":"max-video-preview:-1"},"canonical":"https:\/\/szechenyietterem.hu\/en\/about-us\/","og_locale":"en_US","og_type":"article","og_title":"About Us - Sz\u00e9chenyi Kertvend\u00e9gl\u0151","og_description":"Learn about Sz\u00e9chenyi Garden Restaurant in Budapest\u2019s City Park \u2014 our story, values and hospitality. Discover who we are and visit us for an unforgettable dining experience!","og_url":"https:\/\/szechenyietterem.hu\/en\/about-us\/","og_site_name":"Sz\u00e9chenyi Kertvend\u00e9gl\u0151","article_modified_time":"2026-03-04T09:25:25+00:00","og_image":[{"width":570,"height":324,"url":"https:\/\/szechenyietterem.hu\/wp-content\/uploads\/2024\/05\/szechenyi-kertvendeglo.webp","type":"image\/webp"}],"twitter_card":"summary_large_image","twitter_misc":{"Est. reading time":"3 minutes"},"schema":{"@context":"https:\/\/schema.org","@graph":[{"@type":"WebPage","@id":"https:\/\/szechenyietterem.hu\/en\/about-us\/","url":"https:\/\/szechenyietterem.hu\/en\/about-us\/","name":"About Us - Sz\u00e9chenyi Kertvend\u00e9gl\u0151","isPartOf":{"@id":"https:\/\/szechenyietterem.hu\/en\/#website"},"primaryImageOfPage":{"@id":"https:\/\/szechenyietterem.hu\/en\/about-us\/#primaryimage"},"image":{"@id":"https:\/\/szechenyietterem.hu\/en\/about-us\/#primaryimage"},"thumbnailUrl":"https:\/\/szechenyietterem.hu\/\/wp-content\/uploads\/2024\/05\/szechenyi-kertvendeglo.webp","datePublished":"2024-05-13T06:31:00+00:00","dateModified":"2026-03-04T09:25:25+00:00","description":"Learn about Sz\u00e9chenyi Garden Restaurant in Budapest\u2019s City Park \u2014 our story, values and hospitality. Discover who we are and visit us for an unforgettable dining experience!","breadcrumb":{"@id":"https:\/\/szechenyietterem.hu\/en\/about-us\/#breadcrumb"},"inLanguage":"en-US","potentialAction":[{"@type":"ReadAction","target":["https:\/\/szechenyietterem.hu\/en\/about-us\/"]}]},{"@type":"ImageObject","inLanguage":"en-US","@id":"https:\/\/szechenyietterem.hu\/en\/about-us\/#primaryimage","url":"https:\/\/szechenyietterem.hu\/\/wp-content\/uploads\/2024\/05\/szechenyi-kertvendeglo.webp","contentUrl":"https:\/\/szechenyietterem.hu\/\/wp-content\/uploads\/2024\/05\/szechenyi-kertvendeglo.webp"},{"@type":"BreadcrumbList","@id":"https:\/\/szechenyietterem.hu\/en\/about-us\/#breadcrumb","itemListElement":[{"@type":"ListItem","position":1,"name":"Home","item":"https:\/\/szechenyietterem.hu\/en\/"},{"@type":"ListItem","position":2,"name":"About Us"}]},{"@type":"WebSite","@id":"https:\/\/szechenyietterem.hu\/en\/#website","url":"https:\/\/szechenyietterem.hu\/en\/","name":"Sz\u00e9chenyi Kertvend\u00e9gl\u0151","description":"","potentialAction":[{"@type":"SearchAction","target":{"@type":"EntryPoint","urlTemplate":"https:\/\/szechenyietterem.hu\/en\/?s={search_term_string}"},"query-input":{"@type":"PropertyValueSpecification","valueRequired":true,"valueName":"search_term_string"}}],"inLanguage":"en-US"}]}},"_links":{"self":[{"href":"https:\/\/szechenyietterem.hu\/en\/wp-json\/wp\/v2\/pages\/858","targetHints":{"allow":["GET"]}}],"collection":[{"href":"https:\/\/szechenyietterem.hu\/en\/wp-json\/wp\/v2\/pages"}],"about":[{"href":"https:\/\/szechenyietterem.hu\/en\/wp-json\/wp\/v2\/types\/page"}],"author":[{"embeddable":true,"href":"https:\/\/szechenyietterem.hu\/en\/wp-json\/wp\/v2\/users\/1"}],"replies":[{"embeddable":true,"href":"https:\/\/szechenyietterem.hu\/en\/wp-json\/wp\/v2\/comments?post=858"}],"version-history":[{"count":2,"href":"https:\/\/szechenyietterem.hu\/en\/wp-json\/wp\/v2\/pages\/858\/revisions"}],"predecessor-version":[{"id":984,"href":"https:\/\/szechenyietterem.hu\/en\/wp-json\/wp\/v2\/pages\/858\/revisions\/984"}],"wp:attachment":[{"href":"https:\/\/szechenyietterem.hu\/en\/wp-json\/wp\/v2\/media?parent=858"}],"curies":[{"name":"wp","href":"https:\/\/api.w.org\/{rel}","templated":true}]}}